{"id":1571,"date":"2024-09-02T14:56:07","date_gmt":"2024-09-02T14:56:07","guid":{"rendered":"https:\/\/llioncenter.com\/?page_id=1571"},"modified":"2024-11-20T16:27:27","modified_gmt":"2024-11-20T16:27:27","slug":"trabaja-con-nosotros","status":"publish","type":"page","link":"https:\/\/llioncenter.com\/?page_id=1571","title":{"rendered":"Trabaja con nosotros"},"content":{"rendered":"<p>[et_pb_section fb_built=\u00bb1&#8243; _builder_version=\u00bb4.27.3&#8243; _module_preset=\u00bbdefault\u00bb da_disable_devices=\u00bboff|off|off\u00bb global_colors_info=\u00bb{}\u00bb da_is_popup=\u00bboff\u00bb da_exit_intent=\u00bboff\u00bb da_has_close=\u00bbon\u00bb da_alt_close=\u00bboff\u00bb da_dark_close=\u00bboff\u00bb da_not_modal=\u00bbon\u00bb da_is_singular=\u00bboff\u00bb da_with_loader=\u00bboff\u00bb da_has_shadow=\u00bbon\u00bb][et_pb_row _builder_version=\u00bb4.27.3&#8243; _module_preset=\u00bbdefault\u00bb global_colors_info=\u00bb{}\u00bb][et_pb_column type=\u00bb4_4&#8243; _builder_version=\u00bb4.27.3&#8243; _module_preset=\u00bbdefault\u00bb global_colors_info=\u00bb{}\u00bb][et_pb_toggle title=\u00bbOFERTA: TELEOPERADOR\/A COMERCIAL\u00bb open_toggle_text_color=\u00bb#c6006f\u00bb open_toggle_background_color=\u00bb#FFFFFF\u00bb icon_color=\u00bb#c6006f\u00bb toggle_icon=\u00bb&#xf055;||fa||900&#8243; open_icon_color=\u00bb#c6006f\u00bb open_toggle_icon=\u00bb&#xf056;||fa||900&#8243; _builder_version=\u00bb4.27.3&#8243; _module_preset=\u00bbdefault\u00bb title_font=\u00bbMontserrat|700||on|||||\u00bb title_font_size=\u00bb18px\u00bb title_text_shadow_style=\u00bbpreset4&#8243; title_text_shadow_color=\u00bb#000000&#8243; global_colors_info=\u00bb{}\u00bb]<\/p>\n<p><span style=\"color: #000000;\"><strong>REQUISITOS M\u00cdMIMOS<\/strong><\/span><br \/><span style=\"color: #000000;\">-Experiencia m\u00ednima de 1 a\u00f1o como teleoperador de ventas, independientemente del sector (energ\u00eda, salud, seguros&#8230;)<\/span><\/p>\n<p><span style=\"color: #000000;\">&#8211; Disponibilidad inmediata<\/span><\/p>\n<p><span style=\"color: #000000;\"><strong>\u00bfQU\u00c9 OFRECEMOS? <\/strong><\/span><br \/><span style=\"color: #000000;\">&#8211; Formaci\u00f3n presencial en Le\u00f3n<\/span><\/p>\n<p><span style=\"color: #000000;\">&#8211; Contrato INDEFINIDO. Estabilidad desde el primer d\u00eda.<\/span><\/p>\n<p><span style=\"color: #000000;\">&#8211; Jornada laboral de 30h\/semanales<\/span><\/p>\n<p><span style=\"color: #000000;\">&#8211; Turnos rotativos M\/T<\/span><br \/><span style=\"color: #000000;\">&#8211; Ma\u00f1anas de 09:00 a 15:00<\/span><br \/><span style=\"color: #000000;\">&#8211; Tardes de 15:00 a 21:00<\/span><\/p>\n<p><span style=\"color: #000000;\">&#8211; Salario 1.029\u20ac bruto\/mes + COMISIONES (en n\u00f3mina)<\/span><\/p>\n<p><span style=\"color: #000000;\">&#8211; Posibilidad de promoci\u00f3n interna<\/span><\/p>\n<p><span style=\"color: #000000;\">&#8211; Trabajo PRESENCIAL<\/span><\/p>\n<p><span style=\"color: #000000;\">&#8211; Le\u00f3n capital, estamos ubicados en la zona del Pol\u00edgono x, cuentas con transporte p\u00fablico, l\u00ednea 11 con frecuencia cada 30 minutos y si vienes en tu coche, hay zona de aparcamiento amplia y gratuita.<\/span><\/p>\n<p>&#8211; D<span style=\"color: #000000;\">escuentos en tiendas y servicios asociados.<\/span><\/p>\n<p><span style=\"color: #000000;\">&#8211; El d\u00eda de tu cumplea\u00f1os&#8230; \u00a1\u00a1NO TRABAJAS!!<\/span><\/p>\n<p><span style=\"color: #000000;\">&#8211; Plan \u00abTRAE A UN AMIGO\/A\u00bb en el que por cada persona que venga de tu parte, podr\u00e1s ganar 50\u20ac (en n\u00f3mina)<\/span><\/p>\n<p><span style=\"color: #000000;\">Ambiente de trabajo excepcional, En Llion Center, valoramos a las personas, el trabajo en equipo, la creatividad y el compromiso.<\/span><br \/><span style=\"color: #000000;\">\u00a1Te sentir\u00e1s como en casa desde el primer d\u00eda!<\/span><\/p>\n<p><strong><span style=\"color: #000000;\">REQUISITOS:<\/span><\/strong><\/p>\n<p><span style=\"color: #000000;\">&#8211; Actitud positiva y orientaci\u00f3n al cliente.<\/span><\/p>\n<p><span style=\"color: #000000;\">&#8211; Habilidades de comunicaci\u00f3n excelentes.<\/span><\/p>\n<p><span style=\"color: #000000;\">&#8211; Capacidad para trabajar en equipo.<\/span><\/p>\n<p><span style=\"color: #000000;\">&#8211; Habilidades comerciales<\/span><\/p>\n<p><span style=\"color: #000000;\">&#8211; Habilidades ofim\u00e1ticas<\/span><\/p>\n<p>[\/et_pb_toggle][\/et_pb_column][\/et_pb_row][\/et_pb_section][et_pb_section fb_built=\u00bb1&#8243; _builder_version=\u00bb4.27.3&#8243; _module_preset=\u00bbdefault\u00bb da_disable_devices=\u00bboff|off|off\u00bb global_colors_info=\u00bb{}\u00bb da_is_popup=\u00bboff\u00bb da_exit_intent=\u00bboff\u00bb da_has_close=\u00bbon\u00bb da_alt_close=\u00bboff\u00bb da_dark_close=\u00bboff\u00bb da_not_modal=\u00bbon\u00bb da_is_singular=\u00bboff\u00bb da_with_loader=\u00bboff\u00bb da_has_shadow=\u00bbon\u00bb][et_pb_row _builder_version=\u00bb4.27.3&#8243; _module_preset=\u00bbdefault\u00bb global_colors_info=\u00bb{}\u00bb][et_pb_column type=\u00bb4_4&#8243; _builder_version=\u00bb4.27.3&#8243; _module_preset=\u00bbdefault\u00bb global_colors_info=\u00bb{}\u00bb][et_pb_button button_url=\u00bb#apuntate\u00bb button_text=\u00bbAp\u00fantate\u00bb button_alignment=\u00bbcenter\u00bb _builder_version=\u00bb4.27.3&#8243; _module_preset=\u00bbdefault\u00bb global_colors_info=\u00bb{}\u00bb][\/et_pb_button][\/et_pb_column][\/et_pb_row][\/et_pb_section][et_pb_section fb_built=\u00bb1&#8243; admin_label=\u00bbPopup &#8211; #apuntate\u00bb module_id=\u00bbapuntate\u00bb module_class=\u00bbpopup\u00bb _builder_version=\u00bb4.27.3&#8243; _module_preset=\u00bbdefault\u00bb width=\u00bb30%\u00bb width_tablet=\u00bb100%\u00bb width_phone=\u00bb100%\u00bb width_last_edited=\u00bbon|desktop\u00bb max_width=\u00bb30%\u00bb max_width_tablet=\u00bb100%\u00bb max_width_phone=\u00bb\u00bb max_width_last_edited=\u00bbon|desktop\u00bb hover_enabled=\u00bb0&#8243; da_is_popup=\u00bbon\u00bb da_popup_slug=\u00bbapuntate\u00bb da_disable_devices=\u00bboff|off|off\u00bb border_radii=\u00bbon|20px|20px|20px|20px\u00bb global_colors_info=\u00bb{}\u00bb sticky_enabled=\u00bb0&#8243; da_exit_intent=\u00bboff\u00bb da_has_close=\u00bbon\u00bb da_alt_close=\u00bboff\u00bb da_dark_close=\u00bboff\u00bb da_not_modal=\u00bbon\u00bb da_is_singular=\u00bboff\u00bb da_with_loader=\u00bboff\u00bb da_has_shadow=\u00bbon\u00bb][et_pb_row _builder_version=\u00bb4.27.3&#8243; _module_preset=\u00bbdefault\u00bb global_colors_info=\u00bb{}\u00bb][et_pb_column type=\u00bb4_4&#8243; _builder_version=\u00bb4.27.3&#8243; _module_preset=\u00bbdefault\u00bb global_colors_info=\u00bb{}\u00bb][et_pb_text _builder_version=\u00bb4.27.3&#8243; _module_preset=\u00bbdefault\u00bb text_orientation=\u00bbcenter\u00bb width=\u00bb100%\u00bb width_tablet=\u00bb100%\u00bb width_phone=\u00bb100%\u00bb width_last_edited=\u00bbon|desktop\u00bb max_width_tablet=\u00bb\u00bb max_width_phone=\u00bb\u00bb max_width_last_edited=\u00bbon|desktop\u00bb hover_enabled=\u00bb0&#8243; global_colors_info=\u00bb{}\u00bb transform_styles_last_edited=\u00bbon|desktop\u00bb transform_scale_last_edited=\u00bbon|desktop\u00bb transform_translate_last_edited=\u00bbon|desktop\u00bb transform_rotate_last_edited=\u00bbon|desktop\u00bb transform_skew_last_edited=\u00bbon|desktop\u00bb transform_origin_last_edited=\u00bbon|desktop\u00bb transform_translate_linked=\u00bboff\u00bb transform_translate=\u00bb8px|0px\u00bb sticky_enabled=\u00bb0&#8243; transform_translate_tablet=\u00bb8px|0px\u00bb transform_translate_phone=\u00bb8px|0px\u00bb]<\/p>\n<p style=\"text-align: left;\"><img loading=\"lazy\" decoding=\"async\" src=\"https:\/\/llioncenter.com\/wp-content\/uploads\/2024\/08\/Horizontal-300x146.png\" width=\"300\" height=\"146\" alt=\"\" class=\"wp-image-331 alignnone size-medium\" style=\"display: block; margin-left: auto; margin-right: auto;\" srcset=\"https:\/\/llioncenter.com\/wp-content\/uploads\/2024\/08\/Horizontal-300x146.png 300w, https:\/\/llioncenter.com\/wp-content\/uploads\/2024\/08\/Horizontal.png 420w\" sizes=\"(max-width: 300px) 100vw, 300px\" \/><\/p>\n\n<div class=\"wpcf7 no-js\" id=\"wpcf7-f2057-o1\" lang=\"es-ES\" dir=\"ltr\" data-wpcf7-id=\"2057\">\n<div class=\"screen-reader-response\"><p role=\"status\" aria-live=\"polite\" aria-atomic=\"true\"><\/p> <ul><\/ul><\/div>\n<form action=\"\/index.php?rest_route=%2Fwp%2Fv2%2Fpages%2F1571#wpcf7-f2057-o1\" method=\"post\" class=\"wpcf7-form init\" aria-label=\"Formulario de contacto\" enctype=\"multipart\/form-data\" novalidate=\"novalidate\" data-status=\"init\">\n<fieldset class=\"hidden-fields-container\"><input type=\"hidden\" name=\"_wpcf7\" value=\"2057\" \/><input type=\"hidden\" name=\"_wpcf7_version\" value=\"6.1.5\" \/><input type=\"hidden\" name=\"_wpcf7_locale\" value=\"es_ES\" \/><input type=\"hidden\" name=\"_wpcf7_unit_tag\" value=\"wpcf7-f2057-o1\" \/><input type=\"hidden\" name=\"_wpcf7_container_post\" value=\"0\" \/><input type=\"hidden\" name=\"_wpcf7_posted_data_hash\" value=\"\" \/>\n<\/fieldset>\n<div class=\"wpcf7-turnstile cf-turnstile\" data-sitekey=\"0x4AAAAAACA6QJs4agqqVpVT\" data-response-field-name=\"_wpcf7_turnstile_response\"><\/div>\n\n<div class=\"custom-form custom-form-unique\">\n\t<div class=\"form-row\">\n\t\t<p><label style=\"color:black;\"><br \/>\nTu nombre<br \/>\n<span class=\"wpcf7-form-control-wrap\" data-name=\"text-818\"><input size=\"40\" maxlength=\"400\" class=\"wpcf7-form-control wpcf7-text wpcf7-validates-as-required custom-input-name\" aria-required=\"true\" aria-invalid=\"false\" value=\"\" type=\"text\" name=\"text-818\" \/><\/span><br \/>\n<\/label>\n\t\t<\/p>\n\t<\/div>\n\t<div class=\"form-row\">\n\t\t<p><label style=\"color:black;\"><br \/>\nTu tel\u00e9fono<br \/>\n<span class=\"wpcf7-form-control-wrap\" data-name=\"tel-89\"><input size=\"40\" maxlength=\"400\" class=\"wpcf7-form-control wpcf7-tel wpcf7-validates-as-required wpcf7-text wpcf7-validates-as-tel custom-input-phone\" aria-required=\"true\" aria-invalid=\"false\" value=\"\" type=\"tel\" name=\"tel-89\" \/><\/span><br \/>\n<\/label>\n\t\t<\/p>\n\t<\/div>\n\t<div class=\"form-row\">\n\t\t<p><label style=\"color:black;\"><br \/>\nTu correo electr\u00f3nico<br \/>\n<span class=\"wpcf7-form-control-wrap\" data-name=\"email-42\"><input size=\"40\" maxlength=\"400\" class=\"wpcf7-form-control wpcf7-email wpcf7-validates-as-required wpcf7-text wpcf7-validates-as-email custom-input-email\" aria-required=\"true\" aria-invalid=\"false\" value=\"\" type=\"email\" name=\"email-42\" \/><\/span><br \/>\n<\/label>\n\t\t<\/p>\n\t<\/div>\n\t<div>\n\t\t<p><span class=\"wpcf7-form-control-wrap\" data-name=\"file-730\"><input size=\"40\" class=\"wpcf7-form-control wpcf7-file wpcf7-validates-as-required\" accept=\".pdf\" aria-required=\"true\" aria-invalid=\"false\" type=\"file\" name=\"file-730\" \/><\/span>\n\t\t<\/p>\n\t<\/div>\n\t<div class=\"form-row\">\n\t\t<p><label style=\"test-align:center\";> Adjunta tu curr\u00edculum<\/label><br \/>\n<label><br \/>\n<span class=\"wpcf7-form-control-wrap\" data-name=\"acceptance-126\"><span class=\"wpcf7-form-control wpcf7-acceptance\"><span class=\"wpcf7-list-item\"><label><input type=\"checkbox\" name=\"acceptance-126\" value=\"1\" aria-invalid=\"false\" \/><span class=\"wpcf7-list-item-label\"><span style=\"color:black;\"> He le\u00eddo y acepto la<\/span> \n            <a style=\"color:#17A2B8;text-decoration: underline;\" href=\"https:\/\/politicas-privacidad.market360.es\">politica de privacidad<\/a><span style=\"color:black;\"> y<\/span> <a style=\"color:#17A2B8;text-decoration: underline;\" href=\"https:\/\/avisolegal.market360.es\">aviso legal<\/a><\/span><\/label><\/span><\/span><\/span><br \/>\n<\/label>\n\t\t<\/p>\n\t<\/div>\n\t<div class=\"form-submit\">\n\t\t<p><input class=\"wpcf7-form-control wpcf7-submit has-spinner\" type=\"submit\" value=\"Enviar\" \/>\n\t\t<\/p>\n\t<\/div>\n<\/div><div class=\"wpcf7-response-output\" aria-hidden=\"true\"><\/div>\n<\/form>\n<\/div>\n\n<p>[\/et_pb_text][\/et_pb_column][\/et_pb_row][\/et_pb_section]<\/p>\n","protected":false},"excerpt":{"rendered":"<p>REQUISITOS M\u00cdMIMOS-Experiencia m\u00ednima de 1 a\u00f1o como teleoperador de ventas, independientemente del sector (energ\u00eda, salud, seguros&#8230;) &#8211; Disponibilidad inmediata \u00bfQU\u00c9 OFRECEMOS? &#8211; Formaci\u00f3n presencial en Le\u00f3n &#8211; Contrato INDEFINIDO. Estabilidad desde el primer d\u00eda. &#8211; Jornada laboral de 30h\/semanales &#8211; Turnos rotativos M\/T- Ma\u00f1anas de 09:00 a 15:00- Tardes de 15:00 a 21:00 &#8211; Salario [&hellip;]<\/p>\n","protected":false},"author":1,"featured_media":0,"parent":0,"menu_order":0,"comment_status":"closed","ping_status":"closed","template":"","meta":{"_et_pb_use_builder":"on","_et_pb_old_content":"","_et_gb_content_width":"","footnotes":""},"class_list":["post-1571","page","type-page","status-publish","hentry"],"_links":{"self":[{"href":"https:\/\/llioncenter.com\/index.php?rest_route=\/wp\/v2\/pages\/1571","targetHints":{"allow":["GET"]}}],"collection":[{"href":"https:\/\/llioncenter.com\/index.php?rest_route=\/wp\/v2\/pages"}],"about":[{"href":"https:\/\/llioncenter.com\/index.php?rest_route=\/wp\/v2\/types\/page"}],"author":[{"embeddable":true,"href":"https:\/\/llioncenter.com\/index.php?rest_route=\/wp\/v2\/users\/1"}],"replies":[{"embeddable":true,"href":"https:\/\/llioncenter.com\/index.php?rest_route=%2Fwp%2Fv2%2Fcomments&post=1571"}],"version-history":[{"count":18,"href":"https:\/\/llioncenter.com\/index.php?rest_route=\/wp\/v2\/pages\/1571\/revisions"}],"predecessor-version":[{"id":2254,"href":"https:\/\/llioncenter.com\/index.php?rest_route=\/wp\/v2\/pages\/1571\/revisions\/2254"}],"wp:attachment":[{"href":"https:\/\/llioncenter.com\/index.php?rest_route=%2Fwp%2Fv2%2Fmedia&parent=1571"}],"curies":[{"name":"wp","href":"https:\/\/api.w.org\/{rel}","templated":true}]}}